{"id":2389,"date":"2023-10-14T09:21:35","date_gmt":"2023-10-14T09:21:35","guid":{"rendered":"https:\/\/kacar-mont.si\/einstellung-von-fachkraeften\/"},"modified":"2023-10-16T21:18:03","modified_gmt":"2023-10-16T21:18:03","slug":"einstellung-von-fachkraeften","status":"publish","type":"page","link":"https:\/\/kacar-mont.si\/de\/einstellung-von-fachkraeften\/","title":{"rendered":"Einstellung von Fachkr\u00e4ften"},"content":{"rendered":"\t\t<div data-elementor-type=\"wp-page\" data-elementor-id=\"2389\" class=\"elementor elementor-2389 elementor-176\" data-elementor-post-type=\"page\">\n\t\t\t\t\t\t<section data-particle_enable=\"false\" data-particle-mobile-disabled=\"false\" class=\"elementor-section elementor-top-section elementor-element elementor-element-11dd6f0e elementor-section-boxed elementor-section-height-default elementor-section-height-default\" data-id=\"11dd6f0e\" data-element_type=\"section\" data-settings=\"{&quot;background_background&quot;:&quot;classic&quot;}\">\n\t\t\t\t\t\t\t<div class=\"elementor-background-overlay\"><\/div>\n\t\t\t\t\t\t\t<div class=\"elementor-container elementor-column-gap-default\">\n\t\t\t\t\t<div class=\"elementor-column elementor-col-100 elementor-top-column elementor-element elementor-element-35827cae\" data-id=\"35827cae\" data-element_type=\"column\">\n\t\t\t<div class=\"elementor-widget-wrap elementor-element-populated\">\n\t\t\t\t\t\t<div class=\"elementor-element elementor-element-7a72a931 elementor-widget elementor-widget-heading\" data-id=\"7a72a931\" data-element_type=\"widget\" data-widget_type=\"heading.default\">\n\t\t\t\t<div class=\"elementor-widget-container\">\n\t\t\t\t\t<h2 class=\"elementor-heading-title elementor-size-default\">Einstellung von Fachkr\u00e4ften<\/h2>\t\t\t\t<\/div>\n\t\t\t\t<\/div>\n\t\t\t\t<div class=\"elementor-element elementor-element-3f0616ba elementor-align-left elementor-widget elementor-widget-breadcrumbs\" data-id=\"3f0616ba\" data-element_type=\"widget\" data-widget_type=\"breadcrumbs.default\">\n\t\t\t\t<div class=\"elementor-widget-container\">\n\t\t\t\t\t<nav aria-label=\"breadcrumbs\" class=\"rank-math-breadcrumb\"><p><span class=\"last\">Ka\u010dar Mont<\/span><\/p><\/nav>\t\t\t\t<\/div>\n\t\t\t\t<\/div>\n\t\t\t\t<div class=\"elementor-element elementor-element-75d8600b elementor-widget elementor-widget-text-editor\" data-id=\"75d8600b\" data-element_type=\"widget\" data-widget_type=\"text-editor.default\">\n\t\t\t\t<div class=\"elementor-widget-container\">\n\t\t\t\t\t\t\t\t\t<p>Wir f\u00fchlen uns geehrt, dass wir als eines der ersten Unternehmen in Slowenien eine Konzession f\u00fcr die Arbeitsvermittlung erhalten haben.<\/p>\n\t\t\t\t\t\t\t\t<\/div>\n\t\t\t\t<\/div>\n\t\t\t\t\t<\/div>\n\t\t<\/div>\n\t\t\t\t\t<\/div>\n\t\t<\/section>\n\t\t\t\t<section data-particle_enable=\"false\" data-particle-mobile-disabled=\"false\" class=\"elementor-section elementor-top-section elementor-element elementor-element-36bf4160 elementor-section-boxed elementor-section-height-default elementor-section-height-default\" data-id=\"36bf4160\" data-element_type=\"section\" data-settings=\"{&quot;background_background&quot;:&quot;classic&quot;}\">\n\t\t\t\t\t\t\t<div class=\"elementor-background-overlay\"><\/div>\n\t\t\t\t\t\t\t<div class=\"elementor-container elementor-column-gap-default\">\n\t\t\t\t\t<div class=\"elementor-column elementor-col-50 elementor-top-column elementor-element elementor-element-a82068e\" data-id=\"a82068e\" data-element_type=\"column\">\n\t\t\t<div class=\"elementor-widget-wrap elementor-element-populated\">\n\t\t\t\t\t\t<div class=\"elementor-element elementor-element-55c7abcc elementor-invisible elementor-widget elementor-widget-heading\" data-id=\"55c7abcc\" data-element_type=\"widget\" data-settings=\"{&quot;_animation&quot;:&quot;fadeInUp&quot;}\" data-widget_type=\"heading.default\">\n\t\t\t\t<div class=\"elementor-widget-container\">\n\t\t\t\t\t<h2 class=\"elementor-heading-title elementor-size-default\">Einstellung von Fachkr\u00e4ften<\/h2>\t\t\t\t<\/div>\n\t\t\t\t<\/div>\n\t\t\t\t<div class=\"elementor-element elementor-element-3841e7f5 elementor-widget-divider--view-line elementor-widget elementor-widget-divider\" data-id=\"3841e7f5\" data-element_type=\"widget\" data-widget_type=\"divider.default\">\n\t\t\t\t<div class=\"elementor-widget-container\">\n\t\t\t\t\t\t\t<div class=\"elementor-divider\">\n\t\t\t<span class=\"elementor-divider-separator\">\n\t\t\t\t\t\t<\/span>\n\t\t<\/div>\n\t\t\t\t\t\t<\/div>\n\t\t\t\t<\/div>\n\t\t\t\t<div class=\"elementor-element elementor-element-555f6ba5 elementor-widget elementor-widget-text-editor\" data-id=\"555f6ba5\" data-element_type=\"widget\" data-widget_type=\"text-editor.default\">\n\t\t\t\t<div class=\"elementor-widget-container\">\n\t\t\t\t\t\t\t\t\t<p>Ka\u010dar-Mont d.o.o. stellt qualifiziertes und spezialisiertes Personal mit Zertifikaten in verschiedenen Arbeitsbereichen zur Verf\u00fcgung, das ein unverzichtbares Bindeglied bei Gro\u00dfprojekten ist. Wir stellen die besten Mitarbeiter mit dem gr\u00f6\u00dften Wissen in zw\u00f6lf Bereichen.<\/p>\n<ul>\n<li>Bierbrauer<\/li>\n<li>Schl\u00fcsseldienst<\/li>\n<li>Monteur f\u00fcr Industrieanlagen<\/li>\n<li>Heizungsinstallateur<\/li>\n<li>Cevar mit isometrischem Wissen<\/li>\n<li>Skater<\/li>\n<li>Cnc-Bediener<\/li>\n<li>Strugar<\/li>\n<li>Rezkalec<\/li>\n<li>Industrieller Maskenbildner<\/li>\n<li>Elektriker<\/li>\n<li>Bauarbeiter<\/li>\n<\/ul>\n\t\t\t\t\t\t\t\t<\/div>\n\t\t\t\t<\/div>\n\t\t\t\t\t<\/div>\n\t\t<\/div>\n\t\t\t\t<div class=\"elementor-column elementor-col-50 elementor-top-column elementor-element elementor-element-292ab23f\" data-id=\"292ab23f\" data-element_type=\"column\" data-settings=\"{&quot;background_background&quot;:&quot;classic&quot;}\">\n\t\t\t<div class=\"elementor-widget-wrap elementor-element-populated\">\n\t\t\t\t\t\t<div class=\"elementor-element elementor-element-1b681edf elementor-widget-divider--view-line elementor-widget elementor-widget-divider\" data-id=\"1b681edf\" data-element_type=\"widget\" data-widget_type=\"divider.default\">\n\t\t\t\t<div class=\"elementor-widget-container\">\n\t\t\t\t\t\t\t<div class=\"elementor-divider\">\n\t\t\t<span class=\"elementor-divider-separator\">\n\t\t\t\t\t\t<\/span>\n\t\t<\/div>\n\t\t\t\t\t\t<\/div>\n\t\t\t\t<\/div>\n\t\t\t\t\t<\/div>\n\t\t<\/div>\n\t\t\t\t\t<\/div>\n\t\t<\/section>\n\t\t\t\t<section data-particle_enable=\"false\" data-particle-mobile-disabled=\"false\" class=\"elementor-section elementor-top-section elementor-element elementor-element-67d8d294 elementor-reverse-tablet elementor-reverse-mobile elementor-section-boxed elementor-section-height-default elementor-section-height-default\" data-id=\"67d8d294\" data-element_type=\"section\" data-settings=\"{&quot;background_background&quot;:&quot;classic&quot;}\">\n\t\t\t\t\t\t\t<div class=\"elementor-background-overlay\"><\/div>\n\t\t\t\t\t\t\t<div class=\"elementor-container elementor-column-gap-default\">\n\t\t\t\t\t<div class=\"elementor-column elementor-col-100 elementor-top-column elementor-element elementor-element-2d653b58\" data-id=\"2d653b58\" data-element_type=\"column\" data-settings=\"{&quot;background_background&quot;:&quot;classic&quot;}\">\n\t\t\t<div class=\"elementor-widget-wrap elementor-element-populated\">\n\t\t\t\t\t\t<div class=\"elementor-element elementor-element-7dfc74e6 elementor-widget elementor-widget-heading\" data-id=\"7dfc74e6\" data-element_type=\"widget\" data-widget_type=\"heading.default\">\n\t\t\t\t<div class=\"elementor-widget-container\">\n\t\t\t\t\t<h2 class=\"elementor-heading-title elementor-size-default\">\"Es sind die Menschen, die den Unterschied machen! \"<\/h2>\t\t\t\t<\/div>\n\t\t\t\t<\/div>\n\t\t\t\t\t<\/div>\n\t\t<\/div>\n\t\t\t\t\t<\/div>\n\t\t<\/section>\n\t\t\t\t<\/div>\n\t\t","protected":false},"excerpt":{"rendered":"<p>Ka\u010dar Mont Wir f\u00fchlen uns geehrt, dass wir als eines der ersten Unternehmen in Slowenien eine Konzession f\u00fcr die Arbeitsvermittlung erhalten haben. Ka\u010dar-Mont d.o.o. stellt qualifiziertes und spezialisiertes Personal mit Zertifikaten in verschiedenen Arbeitsbereichen zur Verf\u00fcgung, das ein unverzichtbares Bindeglied bei Gro\u00dfprojekten ist. Wir stellen die besten Mitarbeiter mit dem gr\u00f6\u00dften Wissen in zw\u00f6lf Bereichen. [&hellip;]<\/p>\n","protected":false},"author":1,"featured_media":0,"parent":0,"menu_order":0,"comment_status":"closed","ping_status":"closed","template":"elementor_header_footer","meta":{"footnotes":""},"class_list":["post-2389","page","type-page","status-publish","hentry"],"_links":{"self":[{"href":"https:\/\/kacar-mont.si\/de\/wp-json\/wp\/v2\/pages\/2389","targetHints":{"allow":["GET"]}}],"collection":[{"href":"https:\/\/kacar-mont.si\/de\/wp-json\/wp\/v2\/pages"}],"about":[{"href":"https:\/\/kacar-mont.si\/de\/wp-json\/wp\/v2\/types\/page"}],"author":[{"embeddable":true,"href":"https:\/\/kacar-mont.si\/de\/wp-json\/wp\/v2\/users\/1"}],"replies":[{"embeddable":true,"href":"https:\/\/kacar-mont.si\/de\/wp-json\/wp\/v2\/comments?post=2389"}],"version-history":[{"count":0,"href":"https:\/\/kacar-mont.si\/de\/wp-json\/wp\/v2\/pages\/2389\/revisions"}],"wp:attachment":[{"href":"https:\/\/kacar-mont.si\/de\/wp-json\/wp\/v2\/media?parent=2389"}],"curies":[{"name":"wp","href":"https:\/\/api.w.org\/{rel}","templated":true}]}}