{"id":2392,"date":"2023-10-14T09:23:00","date_gmt":"2023-10-14T09:23:00","guid":{"rendered":"https:\/\/kacar-mont.si\/beschaeftigung\/"},"modified":"2023-10-16T21:18:03","modified_gmt":"2023-10-16T21:18:03","slug":"beschaeftigung","status":"publish","type":"page","link":"https:\/\/kacar-mont.si\/de\/beschaeftigung\/","title":{"rendered":"Besch\u00e4ftigung"},"content":{"rendered":"\t\t<div data-elementor-type=\"wp-page\" data-elementor-id=\"2392\" class=\"elementor elementor-2392 elementor-180\" data-elementor-post-type=\"page\">\n\t\t\t\t\t\t<section data-particle_enable=\"false\" data-particle-mobile-disabled=\"false\" class=\"elementor-section elementor-top-section elementor-element elementor-element-46e36c8f elementor-section-boxed elementor-section-height-default elementor-section-height-default\" data-id=\"46e36c8f\" data-element_type=\"section\" data-settings=\"{&quot;background_background&quot;:&quot;classic&quot;}\">\n\t\t\t\t\t\t\t<div class=\"elementor-background-overlay\"><\/div>\n\t\t\t\t\t\t\t<div class=\"elementor-container elementor-column-gap-default\">\n\t\t\t\t\t<div class=\"elementor-column elementor-col-100 elementor-top-column elementor-element elementor-element-196a1e97\" data-id=\"196a1e97\" data-element_type=\"column\">\n\t\t\t<div class=\"elementor-widget-wrap elementor-element-populated\">\n\t\t\t\t\t\t<div class=\"elementor-element elementor-element-44c81057 elementor-widget elementor-widget-heading\" data-id=\"44c81057\" data-element_type=\"widget\" data-widget_type=\"heading.default\">\n\t\t\t\t<div class=\"elementor-widget-container\">\n\t\t\t\t\t<h2 class=\"elementor-heading-title elementor-size-default\">Besch\u00e4ftigung<\/h2>\t\t\t\t<\/div>\n\t\t\t\t<\/div>\n\t\t\t\t<div class=\"elementor-element elementor-element-139a7643 elementor-align-left elementor-widget elementor-widget-breadcrumbs\" data-id=\"139a7643\" data-element_type=\"widget\" data-widget_type=\"breadcrumbs.default\">\n\t\t\t\t<div class=\"elementor-widget-container\">\n\t\t\t\t\t<nav aria-label=\"breadcrumbs\" class=\"rank-math-breadcrumb\"><p><span class=\"last\">Ka\u010dar Mont<\/span><\/p><\/nav>\t\t\t\t<\/div>\n\t\t\t\t<\/div>\n\t\t\t\t<div class=\"elementor-element elementor-element-c59c839 elementor-widget elementor-widget-text-editor\" data-id=\"c59c839\" data-element_type=\"widget\" data-widget_type=\"text-editor.default\">\n\t\t\t\t<div class=\"elementor-widget-container\">\n\t\t\t\t\t\t\t\t\t<p>Bei Ka\u010dar-Mont sind wir immer auf der Suche nach Arbeitskr\u00e4ften, denn die Nachfrage nach Projekten ist gro\u00df, so dass wir immer neue Mitarbeiter brauchen, die gerne in der Metallindustrie arbeiten.<\/p>\n<p>Wir sind ein Familienunternehmen mit einer Arbeitsvermittlungskonzession und bem\u00fchen uns darum, dass unsere Mitarbeiter stets qualitativ hochwertig, qualifiziert, sachkundig und auf dem neuesten Stand der Zeit und der Trends auf dem Arbeitsmarkt sind. Wir freuen uns \u00fcber jeden, der sich f\u00fcr die Arbeit in unserer Branche interessiert, lernbereit ist und an interessanten Projekten im In- und Ausland mitarbeiten m\u00f6chte.<\/p>\n\t\t\t\t\t\t\t\t<\/div>\n\t\t\t\t<\/div>\n\t\t\t\t\t<\/div>\n\t\t<\/div>\n\t\t\t\t\t<\/div>\n\t\t<\/section>\n\t\t\t\t<section data-particle_enable=\"false\" data-particle-mobile-disabled=\"false\" class=\"elementor-section elementor-top-section elementor-element elementor-element-76eb8c5d elementor-section-boxed elementor-section-height-default elementor-section-height-default\" data-id=\"76eb8c5d\" data-element_type=\"section\">\n\t\t\t\t\t\t\t<div class=\"elementor-background-overlay\"><\/div>\n\t\t\t\t\t\t\t<div class=\"elementor-container elementor-column-gap-default\">\n\t\t\t\t\t<div class=\"elementor-column elementor-col-100 elementor-top-column elementor-element elementor-element-425f3902\" data-id=\"425f3902\" data-element_type=\"column\">\n\t\t\t<div class=\"elementor-widget-wrap elementor-element-populated\">\n\t\t\t\t\t\t<section data-particle_enable=\"false\" data-particle-mobile-disabled=\"false\" class=\"elementor-section elementor-inner-section elementor-element elementor-element-b197745 elementor-section-boxed elementor-section-height-default elementor-section-height-default\" data-id=\"b197745\" data-element_type=\"section\">\n\t\t\t\t\t\t<div class=\"elementor-container elementor-column-gap-default\">\n\t\t\t\t\t<div class=\"elementor-column elementor-col-100 elementor-inner-column elementor-element elementor-element-7472dfae\" data-id=\"7472dfae\" data-element_type=\"column\">\n\t\t\t<div class=\"elementor-widget-wrap elementor-element-populated\">\n\t\t\t\t\t\t<div class=\"elementor-element elementor-element-3a6f4279 elementor-widget__width-initial elementor-invisible elementor-widget elementor-widget-heading\" data-id=\"3a6f4279\" data-element_type=\"widget\" data-settings=\"{&quot;_animation&quot;:&quot;fadeInUp&quot;}\" data-widget_type=\"heading.default\">\n\t\t\t\t<div class=\"elementor-widget-container\">\n\t\t\t\t\t<h2 class=\"elementor-heading-title elementor-size-default\">Wir haben derzeit folgende Stellen zu besetzen<\/h2>\t\t\t\t<\/div>\n\t\t\t\t<\/div>\n\t\t\t\t<div class=\"elementor-element elementor-element-2175a0c5 elementor-widget elementor-widget-text-editor\" data-id=\"2175a0c5\" data-element_type=\"widget\" data-widget_type=\"text-editor.default\">\n\t\t\t\t<div class=\"elementor-widget-container\">\n\t\t\t\t\t\t\t\t\t<p>Wenn Sie daran interessiert sind, f\u00fcr uns zu arbeiten, laden wir Sie ein, das untenstehende Kontaktformular auszuf\u00fcllen, uns Ihre Daten mitzuteilen, Ihren Lebenslauf beizuf\u00fcgen und uns kurz zu beschreiben, warum Sie sich in dieser Stelle sehen.<\/p>\n<p>Wir werden Sie so schnell wie m\u00f6glich \u00fcber den Stand Ihrer Bewerbung informieren und Sie dann zu einem Vorstellungsgespr\u00e4ch einladen, um festzustellen, ob wir zueinander passen. Wir von Ka\u010dar-Mont freuen uns auf die Zusammenarbeit mit Ihnen!<\/p>\n<h5>CNC-Bediener, Arbeit in Slowenien,<\/h5>\n<h5>Gepr\u00fcfter MIG\/MAG- und REL-Schwei\u00dfer, Arbeit in Slowenien<\/h5>\n<h5>Freiberuflicher Rohrleger mit Grundkenntnissen in Deutsch,<\/h5>\n<h5>Freiberuflicher Schlosser mit Kenntnissen im Lesen von Baupl\u00e4nen, t\u00e4tig in Slowenien<\/h5>\n<h5>Gepr\u00fcfter WIG\/WIG-Schwei\u00dfer (Gruppe 6,8)<\/h5>\n\t\t\t\t\t\t\t\t<\/div>\n\t\t\t\t<\/div>\n\t\t\t\t\t<\/div>\n\t\t<\/div>\n\t\t\t\t\t<\/div>\n\t\t<\/section>\n\t\t\t\t\t<\/div>\n\t\t<\/div>\n\t\t\t\t\t<\/div>\n\t\t<\/section>\n\t\t\t\t<\/div>\n\t\t","protected":false},"excerpt":{"rendered":"<p>Ka\u010dar Mont Bei Ka\u010dar-Mont sind wir immer auf der Suche nach Arbeitskr\u00e4ften, denn die Nachfrage nach Projekten ist gro\u00df, so dass wir immer neue Mitarbeiter brauchen, die gerne in der Metallindustrie arbeiten. Wir sind ein Familienunternehmen mit einer Arbeitsvermittlungskonzession und bem\u00fchen uns darum, dass unsere Mitarbeiter stets qualitativ hochwertig, qualifiziert, sachkundig und auf dem neuesten [&hellip;]<\/p>\n","protected":false},"author":1,"featured_media":0,"parent":0,"menu_order":0,"comment_status":"closed","ping_status":"closed","template":"elementor_header_footer","meta":{"footnotes":""},"class_list":["post-2392","page","type-page","status-publish","hentry"],"_links":{"self":[{"href":"https:\/\/kacar-mont.si\/de\/wp-json\/wp\/v2\/pages\/2392","targetHints":{"allow":["GET"]}}],"collection":[{"href":"https:\/\/kacar-mont.si\/de\/wp-json\/wp\/v2\/pages"}],"about":[{"href":"https:\/\/kacar-mont.si\/de\/wp-json\/wp\/v2\/types\/page"}],"author":[{"embeddable":true,"href":"https:\/\/kacar-mont.si\/de\/wp-json\/wp\/v2\/users\/1"}],"replies":[{"embeddable":true,"href":"https:\/\/kacar-mont.si\/de\/wp-json\/wp\/v2\/comments?post=2392"}],"version-history":[{"count":0,"href":"https:\/\/kacar-mont.si\/de\/wp-json\/wp\/v2\/pages\/2392\/revisions"}],"wp:attachment":[{"href":"https:\/\/kacar-mont.si\/de\/wp-json\/wp\/v2\/media?parent=2392"}],"curies":[{"name":"wp","href":"https:\/\/api.w.org\/{rel}","templated":true}]}}