{"id":2431,"date":"2023-10-14T09:21:08","date_gmt":"2023-10-14T09:21:08","guid":{"rendered":"https:\/\/kacar-mont.si\/montage-von-stahlkonstruktionen-und-fassaden\/"},"modified":"2023-10-16T21:18:04","modified_gmt":"2023-10-16T21:18:04","slug":"montage-von-stahlkonstruktionen-und-fassaden","status":"publish","type":"page","link":"https:\/\/kacar-mont.si\/de\/montage-von-stahlkonstruktionen-und-fassaden\/","title":{"rendered":"Montage von Stahlkonstruktionen und Fassaden"},"content":{"rendered":"\t\t<div data-elementor-type=\"wp-page\" data-elementor-id=\"2431\" class=\"elementor elementor-2431 elementor-170\" data-elementor-post-type=\"page\">\n\t\t\t\t\t\t<section data-particle_enable=\"false\" data-particle-mobile-disabled=\"false\" class=\"elementor-section elementor-top-section elementor-element elementor-element-19d6e906 elementor-section-boxed elementor-section-height-default elementor-section-height-default\" data-id=\"19d6e906\" data-element_type=\"section\" data-settings=\"{&quot;background_background&quot;:&quot;classic&quot;}\">\n\t\t\t\t\t\t\t<div class=\"elementor-background-overlay\"><\/div>\n\t\t\t\t\t\t\t<div class=\"elementor-container elementor-column-gap-default\">\n\t\t\t\t\t<div class=\"elementor-column elementor-col-100 elementor-top-column elementor-element elementor-element-1366cd82\" data-id=\"1366cd82\" data-element_type=\"column\">\n\t\t\t<div class=\"elementor-widget-wrap elementor-element-populated\">\n\t\t\t\t\t\t<div class=\"elementor-element elementor-element-a50658e elementor-widget elementor-widget-heading\" data-id=\"a50658e\" data-element_type=\"widget\" data-widget_type=\"heading.default\">\n\t\t\t\t<div class=\"elementor-widget-container\">\n\t\t\t\t\t<h2 class=\"elementor-heading-title elementor-size-default\">Montage von Stahlkonstruktionen und Fassaden<\/h2>\t\t\t\t<\/div>\n\t\t\t\t<\/div>\n\t\t\t\t<div class=\"elementor-element elementor-element-b5194d2 elementor-align-left elementor-widget elementor-widget-breadcrumbs\" data-id=\"b5194d2\" data-element_type=\"widget\" data-widget_type=\"breadcrumbs.default\">\n\t\t\t\t<div class=\"elementor-widget-container\">\n\t\t\t\t\t<nav aria-label=\"breadcrumbs\" class=\"rank-math-breadcrumb\"><p><span class=\"last\">Ka\u010dar Mont<\/span><\/p><\/nav>\t\t\t\t<\/div>\n\t\t\t\t<\/div>\n\t\t\t\t<div class=\"elementor-element elementor-element-f00d502 elementor-widget elementor-widget-text-editor\" data-id=\"f00d502\" data-element_type=\"widget\" data-widget_type=\"text-editor.default\">\n\t\t\t\t<div class=\"elementor-widget-container\">\n\t\t\t\t\t\t\t\t\t<p>Wie der Firmenname schon sagt, sind wir ein Montageunternehmen. Wir montieren und errichten Stahlkonstruktionen verschiedener Gr\u00f6\u00dfen und Formen. Das Unternehmen kann jede Dienstleistung einzeln anbieten, aber auch das gesamte Projekt. Jedes Projekt ist etwas Besonderes und auf seine eigene Art und Weise anders. Deshalb stellen wir unseren Installateuren neue Trends vor und geben ihnen die Schulung und das Coaching, das sie brauchen, um sie mit Zuversicht zu jedem neuen Projekt zu schicken.<\/p>\n\t\t\t\t\t\t\t\t<\/div>\n\t\t\t\t<\/div>\n\t\t\t\t\t<\/div>\n\t\t<\/div>\n\t\t\t\t\t<\/div>\n\t\t<\/section>\n\t\t\t\t<section data-particle_enable=\"false\" data-particle-mobile-disabled=\"false\" class=\"elementor-section elementor-top-section elementor-element elementor-element-43a4f3f1 elementor-section-boxed elementor-section-height-default elementor-section-height-default\" data-id=\"43a4f3f1\" data-element_type=\"section\" data-settings=\"{&quot;background_background&quot;:&quot;classic&quot;}\">\n\t\t\t\t\t\t\t<div class=\"elementor-background-overlay\"><\/div>\n\t\t\t\t\t\t\t<div class=\"elementor-container elementor-column-gap-default\">\n\t\t\t\t\t<div class=\"elementor-column elementor-col-50 elementor-top-column elementor-element elementor-element-c3c2f0e\" data-id=\"c3c2f0e\" data-element_type=\"column\">\n\t\t\t<div class=\"elementor-widget-wrap elementor-element-populated\">\n\t\t\t\t\t\t<div class=\"elementor-element elementor-element-4ca292ad elementor-invisible elementor-widget elementor-widget-heading\" data-id=\"4ca292ad\" data-element_type=\"widget\" data-settings=\"{&quot;_animation&quot;:&quot;fadeInUp&quot;}\" data-widget_type=\"heading.default\">\n\t\t\t\t<div class=\"elementor-widget-container\">\n\t\t\t\t\t<h2 class=\"elementor-heading-title elementor-size-default\">ERRICHTUNG VON STAHLKONSTRUKTIONEN<\/h2>\t\t\t\t<\/div>\n\t\t\t\t<\/div>\n\t\t\t\t<div class=\"elementor-element elementor-element-33aef05f elementor-widget-divider--view-line elementor-widget elementor-widget-divider\" data-id=\"33aef05f\" data-element_type=\"widget\" data-widget_type=\"divider.default\">\n\t\t\t\t<div class=\"elementor-widget-container\">\n\t\t\t\t\t\t\t<div class=\"elementor-divider\">\n\t\t\t<span class=\"elementor-divider-separator\">\n\t\t\t\t\t\t<\/span>\n\t\t<\/div>\n\t\t\t\t\t\t<\/div>\n\t\t\t\t<\/div>\n\t\t\t\t<div class=\"elementor-element elementor-element-4111b3b elementor-widget elementor-widget-text-editor\" data-id=\"4111b3b\" data-element_type=\"widget\" data-widget_type=\"text-editor.default\">\n\t\t\t\t<div class=\"elementor-widget-container\">\n\t\t\t\t\t\t\t\t\t<p>Wir f\u00fchren Installationen in ganz Slowenien und auch in anderen Teilen Europas durch.<\/p>\n<h4>Wir sind dabei, sie zu installieren:<\/h4>\n<p>&#8211; Private und \u00f6ffentliche Einrichtungen<br \/>&#8211; Strukturen in der Schwerindustrie<br \/>&#8211; Verschiedene Schwellen und Gel\u00e4nder<br \/>&#8211; Unterst\u00fctzende Unterstrukturen<\/p>\n\t\t\t\t\t\t\t\t<\/div>\n\t\t\t\t<\/div>\n\t\t\t\t\t<\/div>\n\t\t<\/div>\n\t\t\t\t<div class=\"elementor-column elementor-col-50 elementor-top-column elementor-element elementor-element-2663e657\" data-id=\"2663e657\" data-element_type=\"column\" data-settings=\"{&quot;background_background&quot;:&quot;classic&quot;}\">\n\t\t\t<div class=\"elementor-widget-wrap elementor-element-populated\">\n\t\t\t\t\t\t<div class=\"elementor-element elementor-element-87a9bef elementor-widget-divider--view-line elementor-widget elementor-widget-divider\" data-id=\"87a9bef\" data-element_type=\"widget\" data-widget_type=\"divider.default\">\n\t\t\t\t<div class=\"elementor-widget-container\">\n\t\t\t\t\t\t\t<div class=\"elementor-divider\">\n\t\t\t<span class=\"elementor-divider-separator\">\n\t\t\t\t\t\t<\/span>\n\t\t<\/div>\n\t\t\t\t\t\t<\/div>\n\t\t\t\t<\/div>\n\t\t\t\t\t<\/div>\n\t\t<\/div>\n\t\t\t\t\t<\/div>\n\t\t<\/section>\n\t\t\t\t<section data-particle_enable=\"false\" data-particle-mobile-disabled=\"false\" class=\"elementor-section elementor-top-section elementor-element elementor-element-7d2b1ec elementor-reverse-tablet elementor-reverse-mobile elementor-section-boxed elementor-section-height-default elementor-section-height-default\" data-id=\"7d2b1ec\" data-element_type=\"section\" data-settings=\"{&quot;background_background&quot;:&quot;classic&quot;}\">\n\t\t\t\t\t\t\t<div class=\"elementor-background-overlay\"><\/div>\n\t\t\t\t\t\t\t<div class=\"elementor-container elementor-column-gap-default\">\n\t\t\t\t\t<div class=\"elementor-column elementor-col-50 elementor-top-column elementor-element elementor-element-059c55a\" data-id=\"059c55a\" data-element_type=\"column\" data-settings=\"{&quot;background_background&quot;:&quot;classic&quot;}\">\n\t\t\t<div class=\"elementor-widget-wrap elementor-element-populated\">\n\t\t\t\t\t\t<div class=\"elementor-element elementor-element-6a6079b elementor-widget-divider--view-line elementor-widget elementor-widget-divider\" data-id=\"6a6079b\" data-element_type=\"widget\" data-widget_type=\"divider.default\">\n\t\t\t\t<div class=\"elementor-widget-container\">\n\t\t\t\t\t\t\t<div class=\"elementor-divider\">\n\t\t\t<span class=\"elementor-divider-separator\">\n\t\t\t\t\t\t<\/span>\n\t\t<\/div>\n\t\t\t\t\t\t<\/div>\n\t\t\t\t<\/div>\n\t\t\t\t\t<\/div>\n\t\t<\/div>\n\t\t\t\t<div class=\"elementor-column elementor-col-50 elementor-top-column elementor-element elementor-element-12bd31e\" data-id=\"12bd31e\" data-element_type=\"column\" data-settings=\"{&quot;background_background&quot;:&quot;classic&quot;}\">\n\t\t\t<div class=\"elementor-widget-wrap elementor-element-populated\">\n\t\t\t\t\t\t<section data-particle_enable=\"false\" data-particle-mobile-disabled=\"false\" class=\"elementor-section elementor-inner-section elementor-element elementor-element-225cd6d elementor-section-boxed elementor-section-height-default elementor-section-height-default\" data-id=\"225cd6d\" data-element_type=\"section\">\n\t\t\t\t\t\t<div class=\"elementor-container elementor-column-gap-default\">\n\t\t\t\t\t<div class=\"elementor-column elementor-col-100 elementor-inner-column elementor-element elementor-element-2e41a20\" data-id=\"2e41a20\" data-element_type=\"column\">\n\t\t\t<div class=\"elementor-widget-wrap elementor-element-populated\">\n\t\t\t\t\t\t<div class=\"elementor-element elementor-element-c31ba73 elementor-widget elementor-widget-heading\" data-id=\"c31ba73\" data-element_type=\"widget\" data-widget_type=\"heading.default\">\n\t\t\t\t<div class=\"elementor-widget-container\">\n\t\t\t\t\t<h2 class=\"elementor-heading-title elementor-size-default\">VARIATION<\/h2>\t\t\t\t<\/div>\n\t\t\t\t<\/div>\n\t\t\t\t<div class=\"elementor-element elementor-element-2561876 elementor-widget-divider--view-line elementor-widget elementor-widget-divider\" data-id=\"2561876\" data-element_type=\"widget\" data-widget_type=\"divider.default\">\n\t\t\t\t<div class=\"elementor-widget-container\">\n\t\t\t\t\t\t\t<div class=\"elementor-divider\">\n\t\t\t<span class=\"elementor-divider-separator\">\n\t\t\t\t\t\t<\/span>\n\t\t<\/div>\n\t\t\t\t\t\t<\/div>\n\t\t\t\t<\/div>\n\t\t\t\t<div class=\"elementor-element elementor-element-86a48c7 elementor-widget elementor-widget-text-editor\" data-id=\"86a48c7\" data-element_type=\"widget\" data-widget_type=\"text-editor.default\">\n\t\t\t\t<div class=\"elementor-widget-container\">\n\t\t\t\t\t\t\t\t\t<p>Das Schwei\u00dfen ist eines der wichtigsten Verbindungsverfahren im Stahlbau. Ka\u010darmont kann auf eine lange Tradition in diesem Bereich zur\u00fcckblicken, und wir sind der Meinung, dass diese T\u00e4tigkeit unser gr\u00f6\u00dftes Kapital ist. Unsere Schwei\u00dfer verf\u00fcgen \u00fcber eine F\u00fclle von praktischen Kenntnissen und Erfahrungen, die<br \/>haben eine Reihe von Projekten mit Bravour abgeschlossen. Wir bereiten uns auf jedes Projekt, das wir bekommen, perfekt vor. Wir testen Schwei\u00dfer f\u00fcr jedes Projekt, um ihre Bereitschaft zu pr\u00fcfen. Wenn jemandem die F\u00e4higkeiten fehlen, geben wir ihm eine zus\u00e4tzliche Ausbildung f\u00fcr die abgeordnete Arbeit.<\/p>\n<h4>Wir schwei\u00dfen nach Verfahren:<\/h4>\n<ul>\n<li>MIG\/MAG<\/li>\n<li>WIG<\/li>\n<li>REL und EPP-Pulver<\/li>\n<li>Autogenes Flammschwei\u00dfen<\/li>\n<\/ul>\n\t\t\t\t\t\t\t\t<\/div>\n\t\t\t\t<\/div>\n\t\t\t\t\t<\/div>\n\t\t<\/div>\n\t\t\t\t\t<\/div>\n\t\t<\/section>\n\t\t\t\t\t<\/div>\n\t\t<\/div>\n\t\t\t\t\t<\/div>\n\t\t<\/section>\n\t\t\t\t<section data-particle_enable=\"false\" data-particle-mobile-disabled=\"false\" class=\"elementor-section elementor-top-section elementor-element elementor-element-b2d95c6 elementor-section-boxed elementor-section-height-default elementor-section-height-default\" data-id=\"b2d95c6\" data-element_type=\"section\" data-settings=\"{&quot;background_background&quot;:&quot;classic&quot;}\">\n\t\t\t\t\t\t\t<div class=\"elementor-background-overlay\"><\/div>\n\t\t\t\t\t\t\t<div class=\"elementor-container elementor-column-gap-default\">\n\t\t\t\t\t<div class=\"elementor-column elementor-col-50 elementor-top-column elementor-element elementor-element-9768c84\" data-id=\"9768c84\" data-element_type=\"column\" data-settings=\"{&quot;background_background&quot;:&quot;classic&quot;}\">\n\t\t\t<div class=\"elementor-widget-wrap elementor-element-populated\">\n\t\t\t\t\t\t<div class=\"elementor-element elementor-element-b6316c4 elementor-widget elementor-widget-heading\" data-id=\"b6316c4\" data-element_type=\"widget\" data-widget_type=\"heading.default\">\n\t\t\t\t<div class=\"elementor-widget-container\">\n\t\t\t\t\t<h2 class=\"elementor-heading-title elementor-size-default\">MONTAGE VON ALUMINIUMFASSADEN<\/h2>\t\t\t\t<\/div>\n\t\t\t\t<\/div>\n\t\t\t\t<div class=\"elementor-element elementor-element-2b5cf1c elementor-widget-divider--view-line elementor-widget elementor-widget-divider\" data-id=\"2b5cf1c\" data-element_type=\"widget\" data-widget_type=\"divider.default\">\n\t\t\t\t<div class=\"elementor-widget-container\">\n\t\t\t\t\t\t\t<div class=\"elementor-divider\">\n\t\t\t<span class=\"elementor-divider-separator\">\n\t\t\t\t\t\t<\/span>\n\t\t<\/div>\n\t\t\t\t\t\t<\/div>\n\t\t\t\t<\/div>\n\t\t\t\t<div class=\"elementor-element elementor-element-679fc2c elementor-widget elementor-widget-text-editor\" data-id=\"679fc2c\" data-element_type=\"widget\" data-widget_type=\"text-editor.default\">\n\t\t\t\t<div class=\"elementor-widget-container\">\n\t\t\t\t\t\t\t\t\t<p>Wir passen uns allen neuen Trends im Fassadensektor an und verfolgen sie. Jedes Projekt ist etwas Besonderes und auf seine eigene Art und Weise anders. Deshalb stellen wir unseren Installateuren neue Trends vor und geben ihnen die Schulung und das Coaching, das sie brauchen, um sie mit Zuversicht zu jedem neuen Projekt zu schicken.<\/p>\n<h4>F\u00fcr Fassadenprojekte bieten wir folgende Dienstleistungen an:<\/h4>\n<ul>\n<li>Isolierte und unged\u00e4mmte Fassaden<\/li>\n<li>Fassaden aus Trapezblechen und Thermoelementen<\/li>\n<li>Fassaden aus Kassetten<\/li>\n<li>Hinterl\u00fcftete Alu-Fassaden (Alucobond)<\/li>\n<li>Eternit-Fassaden<\/li>\n<li>Calcip-Fassaden<\/li>\n<\/ul>\n\t\t\t\t\t\t\t\t<\/div>\n\t\t\t\t<\/div>\n\t\t\t\t\t<\/div>\n\t\t<\/div>\n\t\t\t\t<div class=\"elementor-column elementor-col-50 elementor-top-column elementor-element elementor-element-57be5a6\" data-id=\"57be5a6\" data-element_type=\"column\" data-settings=\"{&quot;background_background&quot;:&quot;classic&quot;}\">\n\t\t\t<div class=\"elementor-widget-wrap elementor-element-populated\">\n\t\t\t\t\t\t<div class=\"elementor-element elementor-element-e350c4a elementor-widget-divider--view-line elementor-widget elementor-widget-divider\" data-id=\"e350c4a\" data-element_type=\"widget\" data-widget_type=\"divider.default\">\n\t\t\t\t<div class=\"elementor-widget-container\">\n\t\t\t\t\t\t\t<div class=\"elementor-divider\">\n\t\t\t<span class=\"elementor-divider-separator\">\n\t\t\t\t\t\t<\/span>\n\t\t<\/div>\n\t\t\t\t\t\t<\/div>\n\t\t\t\t<\/div>\n\t\t\t\t\t<\/div>\n\t\t<\/div>\n\t\t\t\t\t<\/div>\n\t\t<\/section>\n\t\t\t\t<\/div>\n\t\t","protected":false},"excerpt":{"rendered":"<p>Ka\u010dar Mont Wie der Firmenname schon sagt, sind wir ein Montageunternehmen. Wir montieren und errichten Stahlkonstruktionen verschiedener Gr\u00f6\u00dfen und Formen. Das Unternehmen kann jede Dienstleistung einzeln anbieten, aber auch das gesamte Projekt. Jedes Projekt ist etwas Besonderes und auf seine eigene Art und Weise anders. Deshalb stellen wir unseren Installateuren neue Trends vor und geben [&hellip;]<\/p>\n","protected":false},"author":1,"featured_media":0,"parent":0,"menu_order":0,"comment_status":"closed","ping_status":"closed","template":"elementor_header_footer","meta":{"footnotes":""},"class_list":["post-2431","page","type-page","status-publish","hentry"],"_links":{"self":[{"href":"https:\/\/kacar-mont.si\/de\/wp-json\/wp\/v2\/pages\/2431","targetHints":{"allow":["GET"]}}],"collection":[{"href":"https:\/\/kacar-mont.si\/de\/wp-json\/wp\/v2\/pages"}],"about":[{"href":"https:\/\/kacar-mont.si\/de\/wp-json\/wp\/v2\/types\/page"}],"author":[{"embeddable":true,"href":"https:\/\/kacar-mont.si\/de\/wp-json\/wp\/v2\/users\/1"}],"replies":[{"embeddable":true,"href":"https:\/\/kacar-mont.si\/de\/wp-json\/wp\/v2\/comments?post=2431"}],"version-history":[{"count":0,"href":"https:\/\/kacar-mont.si\/de\/wp-json\/wp\/v2\/pages\/2431\/revisions"}],"wp:attachment":[{"href":"https:\/\/kacar-mont.si\/de\/wp-json\/wp\/v2\/media?parent=2431"}],"curies":[{"name":"wp","href":"https:\/\/api.w.org\/{rel}","templated":true}]}}